{"id":72,"date":"2026-03-27T13:32:48","date_gmt":"2026-03-27T12:32:48","guid":{"rendered":"https:\/\/kaszynski.niubrands.pl\/?page_id=72"},"modified":"2026-04-07T20:12:51","modified_gmt":"2026-04-07T18:12:51","slug":"ogrodzenia-z-cegly-recznie-formowanej","status":"publish","type":"page","link":"https:\/\/kaszynski.niubrands.pl\/index.php\/ogrodzenia-z-cegly-recznie-formowanej\/","title":{"rendered":"Ogrodzenia z ceg\u0142y r\u0119cznie formowanej"},"content":{"rendered":"<section class=\"bde-section-72-100 bde-section\">\n  \n  \n\t\n\n\n\n<div class=\"section-container\"><h1 class=\"bde-heading-72-101 bde-heading\">\nOgrodzenia z ceg\u0142y r\u0119cznie formowanej\n<\/h1><\/div>\n<\/section><section class=\"bde-section-72-102 bde-section\">\n  \n  \n\t\n\n\n\n<div class=\"section-container\"><img decoding=\"async\" class=\"bde-image2-72-103 bde-image2\" src=\"https:\/\/kaszynski.niubrands.pl\/wp-content\/uploads\/2026\/03\/WhatsApp-Image-2026-03-29-at-14.28.57.jpeg\" loading=\"lazy\" srcset=\"https:\/\/kaszynski.niubrands.pl\/wp-content\/uploads\/2026\/03\/WhatsApp-Image-2026-03-29-at-14.28.57.jpeg 2048w, https:\/\/kaszynski.niubrands.pl\/wp-content\/uploads\/2026\/03\/WhatsApp-Image-2026-03-29-at-14.28.57-300x138.jpeg 300w, https:\/\/kaszynski.niubrands.pl\/wp-content\/uploads\/2026\/03\/WhatsApp-Image-2026-03-29-at-14.28.57-1024x473.jpeg 1024w, https:\/\/kaszynski.niubrands.pl\/wp-content\/uploads\/2026\/03\/WhatsApp-Image-2026-03-29-at-14.28.57-768x354.jpeg 768w, https:\/\/kaszynski.niubrands.pl\/wp-content\/uploads\/2026\/03\/WhatsApp-Image-2026-03-29-at-14.28.57-1536x709.jpeg 1536w\" sizes=\"(max-width: 2048px) 100vw, 2048px\"><h2 class=\"bde-heading-72-104 bde-heading\">\nOgrodzenie z ceg\u0142y r\u0119cznie formowanej \u2013 co to jest i jak si\u0119 ich u\u017cywa?\n<\/h2><div class=\"bde-text-72-105 bde-text\">\nCeg\u0142a r\u0119cznie formowana to materia\u0142 ceramiczny wytwarzany tradycyjn\u0105 metod\u0105, w kt\u00f3rej ka\u017cda ceg\u0142a formowana jest indywidualnie w formach, co nadaje jej niepowtarzalny wygl\u0105d. Charakteryzuje si\u0119 nieregularn\u0105 struktur\u0105, subtelnymi przebarwieniami oraz lekko postarzanym efektem, dzi\u0119ki czemu doskonale imituje historyczne mury i naturalne wyko\u0144czenia.<br><br>W ogrodzeniach ceg\u0142a r\u0119cznie formowana wykorzystywana jest przede wszystkim do budowy s\u0142upk\u00f3w, mur\u00f3w oraz element\u00f3w dekoracyjnych. Do jej murowania stosuje si\u0119 odpowiednie zaprawy, kt\u00f3re podkre\u015blaj\u0105 estetyk\u0119 spoin i zapewniaj\u0105 trwa\u0142o\u015b\u0107 konstrukcji. Kluczowe znaczenie ma r\u00f3wnie\u017c solidny fundament oraz w\u0142a\u015bciwe zabezpieczenie g\u00f3rnych powierzchni (np. czapami), aby chroni\u0107 mur przed dzia\u0142aniem wilgoci.<br><br>Ze wzgl\u0119du na sw\u00f3j wyj\u0105tkowy charakter ceg\u0142a r\u0119cznie formowana cz\u0119sto stosowana jest w ogrodzeniach stylizowanych na klasyczne, rustykalne lub rezydencjonalne, gdzie liczy si\u0119 unikalny wygl\u0105d i wysoka estetyka wykonania.\n<\/div><h2 class=\"bde-heading-72-106 bde-heading\">\nOgrodzenie z ceg\u0142y r\u0119cznie formowanej - zalety\n<\/h2><div class=\"bde-fancy-divider-72-107 bde-fancy-divider\">\n\n\n<div class=\"bde-fancy-divider__wrapper\">\n  <div class=\"bde-fancy-divider__separator   \">\n  \t  <\/div>\n<\/div>\n\n<\/div><div class=\"bde-div-72-108 bde-div\">\n  \n  \n\t\n\n\n\n<div class=\"bde-icon-box-72-109 bde-icon-box\">\n\n    \n            <div class=\"ee-iconbox-icon breakdance-icon-atom\" >\n    \n                    <svg xmlns=\"http:\/\/www.w3.org\/2000\/svg\" width=\"7\" height=\"12\" viewBox=\"0 0 7 12\" fill=\"none\">\r\n<path d=\"M6.09162 0.363636V12H3.63139V2.69886H3.56321L0.898438 4.36932V2.1875L3.77912 0.363636H6.09162Z\" fill=\"#1D1D1D\"\/>\r\n<\/svg>\n        \n        \n        \n            <\/div>\n    \n\n<div class=\"ee-iconbox-content\">\n      <h3 class=\"ee-iconbox-title bde-h3\" >Unikalny wygl\u0105d<\/h3>\n        <div class=\"ee-iconbox-text\" >Ka\u017cda ceg\u0142a ma niepowtarzaln\u0105 struktur\u0119 i kolorystyk\u0119, co nadaje ogrodzeniu wyj\u0105tkowy charakter.<\/div>\n    <\/div>\n\n<\/div><div class=\"bde-icon-box-72-110 bde-icon-box\">\n\n    \n            <div class=\"ee-iconbox-icon breakdance-icon-atom\" >\n    \n                    <svg xmlns=\"http:\/\/www.w3.org\/2000\/svg\" width=\"9\" height=\"12\" viewBox=\"0 0 9 12\" fill=\"none\">\r\n<path d=\"M0.404119 12V10.2273L4.54616 6.39205C4.89844 6.05114 5.19389 5.74432 5.43253 5.47159C5.67495 5.19886 5.85866 4.93182 5.98366 4.67045C6.10866 4.4053 6.17116 4.11932 6.17116 3.8125C6.17116 3.47159 6.09351 3.17803 5.93821 2.93182C5.78291 2.68182 5.57079 2.49053 5.30185 2.35795C5.03291 2.22159 4.72798 2.15341 4.38707 2.15341C4.03101 2.15341 3.72041 2.22538 3.45526 2.36932C3.1901 2.51326 2.98556 2.7197 2.84162 2.98864C2.69768 3.25758 2.62571 3.57765 2.62571 3.94886H0.290483C0.290483 3.1875 0.462831 2.52652 0.807528 1.96591C1.15223 1.4053 1.63518 0.971591 2.25639 0.664772C2.8776 0.357954 3.59351 0.204545 4.40412 0.204545C5.23745 0.204545 5.96283 0.352272 6.58026 0.647727C7.20147 0.939394 7.68442 1.3447 8.02912 1.86364C8.37382 2.38258 8.54617 2.97727 8.54617 3.64773C8.54617 4.08712 8.45904 4.52083 8.2848 4.94886C8.11435 5.37689 7.80942 5.85227 7.37003 6.375C6.93063 6.89394 6.31132 7.51705 5.51207 8.24432L3.81321 9.90909V9.98864H8.69957V12H0.404119Z\" fill=\"#1D1D1D\"\/>\r\n<\/svg>\n        \n        \n        \n            <\/div>\n    \n\n<div class=\"ee-iconbox-content\">\n      <h3 class=\"ee-iconbox-title bde-h3\" >Stylowy, naturalny efekt<\/h3>\n        <div class=\"ee-iconbox-text\" >Nieregularna powierzchnia tworzy elegancki, lekko postarzany wygl\u0105d.<\/div>\n    <\/div>\n\n<\/div><div class=\"bde-icon-box-72-111 bde-icon-box\">\n\n    \n            <div class=\"ee-iconbox-icon breakdance-icon-atom\" >\n    \n                    <svg xmlns=\"http:\/\/www.w3.org\/2000\/svg\" width=\"9\" height=\"13\" viewBox=\"0 0 9 13\" fill=\"none\">\r\n<path d=\"M4.47088 12.1591C3.6224 12.1591 2.86671 12.0133 2.20384 11.7216C1.54474 11.4261 1.02391 11.0208 0.641335 10.5057C0.262547 9.98674 0.0674716 9.38826 0.056108 8.71023H2.53338C2.54853 8.99432 2.64134 9.24432 2.81179 9.46023C2.98603 9.67235 3.21709 9.83712 3.50497 9.95455C3.79285 10.072 4.11671 10.1307 4.47656 10.1307C4.85156 10.1307 5.183 10.0644 5.47088 9.93182C5.75876 9.79924 5.98414 9.61553 6.14702 9.38068C6.3099 9.14583 6.39134 8.875 6.39134 8.56818C6.39134 8.25758 6.30421 7.98295 6.12997 7.74432C5.95952 7.50189 5.71331 7.3125 5.39134 7.17614C5.07315 7.03977 4.69437 6.97159 4.25497 6.97159H3.16974V5.16477H4.25497C4.62618 5.16477 4.95384 5.10038 5.23793 4.97159C5.52581 4.8428 5.74929 4.66477 5.90838 4.4375C6.06747 4.20644 6.14702 3.9375 6.14702 3.63068C6.14702 3.33902 6.07694 3.08333 5.93679 2.86364C5.80043 2.64015 5.60724 2.46591 5.35724 2.34091C5.11103 2.21591 4.82315 2.15341 4.49361 2.15341C4.16027 2.15341 3.85535 2.21402 3.57884 2.33523C3.30232 2.45265 3.08073 2.62121 2.91406 2.84091C2.7474 3.06061 2.65838 3.31818 2.64702 3.61364H0.289062C0.300426 2.94318 0.491714 2.35227 0.862926 1.84091C1.23414 1.32955 1.73414 0.929924 2.36293 0.642045C2.9955 0.350378 3.70952 0.204545 4.50497 0.204545C5.308 0.204545 6.01065 0.350378 6.61293 0.642045C7.2152 0.933712 7.683 1.32765 8.01634 1.82386C8.35346 2.31629 8.52012 2.86932 8.51634 3.48295C8.52012 4.13447 8.31747 4.67803 7.90838 5.11364C7.50308 5.54924 6.97467 5.82576 6.32315 5.94318V6.03409C7.17921 6.14394 7.83073 6.44129 8.2777 6.92614C8.72846 7.4072 8.95194 8.00947 8.94815 8.73295C8.95194 9.39583 8.76065 9.98485 8.37429 10.5C7.99171 11.0152 7.46331 11.4205 6.78906 11.7159C6.11482 12.0114 5.34209 12.1591 4.47088 12.1591Z\" fill=\"#1D1D1D\"\/>\r\n<\/svg>\n        \n        \n        \n            <\/div>\n    \n\n<div class=\"ee-iconbox-content\">\n      <h3 class=\"ee-iconbox-title bde-h3\" >Wysoka trwa\u0142o\u015b\u0107<\/h3>\n        <div class=\"ee-iconbox-text\" >Ceg\u0142a ceramiczna jest odporna na dzia\u0142anie czynnik\u00f3w atmosferycznych i uszkodzenia.<\/div>\n    <\/div>\n\n<\/div><div class=\"bde-icon-box-72-112 bde-icon-box\">\n\n    \n            <div class=\"ee-iconbox-icon breakdance-icon-atom\" >\n    \n                    <svg xmlns=\"http:\/\/www.w3.org\/2000\/svg\" width=\"11\" height=\"12\" viewBox=\"0 0 11 12\" fill=\"none\">\r\n<path d=\"M0.84517 9.95455V8.01705L5.70312 0.363636H7.37358V3.04545H6.38494L3.32244 7.89205V7.98295H10.2259V9.95455H0.84517ZM6.4304 12V9.36364L6.47585 8.50568V0.363636H8.78267V12H6.4304Z\" fill=\"#1D1D1D\"\/>\r\n<\/svg>\n        \n        \n        \n            <\/div>\n    \n\n<div class=\"ee-iconbox-content\">\n      <h3 class=\"ee-iconbox-title bde-h3\" >Ponadczasowa estetyka<\/h3>\n        <div class=\"ee-iconbox-text\" >Ogrodzenie nie wychodzi z mody i pasuje do klasycznych oraz stylizowanych aran\u017cacji.<\/div>\n    <\/div>\n\n<\/div><div class=\"bde-icon-box-72-113 bde-icon-box\">\n\n    \n            <div class=\"ee-iconbox-icon breakdance-icon-atom\" >\n    \n                    <svg xmlns=\"http:\/\/www.w3.org\/2000\/svg\" width=\"9\" height=\"13\" viewBox=\"0 0 9 13\" fill=\"none\">\r\n<path d=\"M4.53693 12.1591C3.7339 12.1591 3.01799 12.0114 2.3892 11.7159C1.7642 11.4205 1.26799 11.0133 0.900568 10.4943C0.533144 9.97538 0.341856 9.38068 0.326705 8.71023H2.71307C2.73958 9.16098 2.92898 9.52652 3.28125 9.80682C3.63352 10.0871 4.05208 10.2273 4.53693 10.2273C4.9233 10.2273 5.2642 10.142 5.55966 9.97159C5.8589 9.79735 6.09186 9.55682 6.25852 9.25C6.42898 8.93939 6.5142 8.58333 6.5142 8.18182C6.5142 7.77273 6.42708 7.41288 6.25284 7.10227C6.08239 6.79167 5.84564 6.54924 5.54261 6.375C5.23958 6.20076 4.89299 6.11174 4.50284 6.10795C4.16193 6.10795 3.83049 6.17803 3.50852 6.31818C3.19034 6.45833 2.94223 6.64962 2.7642 6.89205L0.576705 6.5L1.12784 0.363636H8.24148V2.375H3.15625L2.85511 5.28977H2.9233C3.12784 5.00189 3.43655 4.76326 3.84943 4.57386C4.26231 4.38447 4.72443 4.28977 5.2358 4.28977C5.93655 4.28977 6.56155 4.45455 7.1108 4.78409C7.66004 5.11364 8.09375 5.56629 8.41193 6.14205C8.73011 6.71402 8.88731 7.37311 8.88352 8.11932C8.88731 8.90341 8.70549 9.60038 8.33807 10.2102C7.97443 10.8163 7.46496 11.2936 6.80966 11.642C6.15814 11.9867 5.40057 12.1591 4.53693 12.1591Z\" fill=\"#1D1D1D\"\/>\r\n<\/svg>\n        \n        \n        \n            <\/div>\n    \n\n<div class=\"ee-iconbox-content\">\n      <h3 class=\"ee-iconbox-title bde-h3\" >Warto\u015b\u0107 wizualna posesji<\/h3>\n        <div class=\"ee-iconbox-text\" >Podnosi presti\u017c i atrakcyjno\u015b\u0107 ca\u0142ej nieruchomo\u015bci.<\/div>\n    <\/div>\n\n<\/div><div class=\"bde-icon-box-72-114 bde-icon-box\">\n\n    \n            <div class=\"ee-iconbox-icon breakdance-icon-atom\" >\n    \n                    <svg xmlns=\"http:\/\/www.w3.org\/2000\/svg\" width=\"10\" height=\"13\" viewBox=\"0 0 10 13\" fill=\"none\">\r\n<path d=\"M5.62784 12.1591C5.02936 12.1553 4.4517 12.0549 3.89489 11.858C3.34186 11.661 2.84564 11.3409 2.40625 10.8977C1.96686 10.4545 1.61837 9.86742 1.3608 9.13636C1.10701 8.4053 0.980114 7.50758 0.980114 6.44318C0.983902 5.46591 1.09564 4.5928 1.31534 3.82386C1.53883 3.05114 1.85701 2.39583 2.26989 1.85795C2.68655 1.32008 3.18466 0.910984 3.7642 0.630681C4.34375 0.34659 4.99337 0.204545 5.71307 0.204545C6.48958 0.204545 7.17519 0.35606 7.76989 0.659091C8.36458 0.958333 8.84186 1.36553 9.2017 1.88068C9.56534 2.39583 9.78504 2.97348 9.8608 3.61364H7.43466C7.33996 3.20833 7.1411 2.89015 6.83807 2.65909C6.53504 2.42803 6.16004 2.3125 5.71307 2.3125C4.95549 2.3125 4.37973 2.64205 3.9858 3.30114C3.59564 3.96023 3.39678 4.85606 3.3892 5.98864H3.46875C3.64299 5.64394 3.87784 5.35038 4.1733 5.10795C4.47254 4.86174 4.81155 4.67424 5.19034 4.54545C5.57292 4.41288 5.97633 4.34659 6.40057 4.34659C7.08996 4.34659 7.7036 4.50947 8.24148 4.83523C8.77936 5.1572 9.2036 5.60038 9.5142 6.16477C9.82481 6.72917 9.98011 7.375 9.98011 8.10227C9.98011 8.89015 9.7964 9.59091 9.42898 10.2045C9.06534 10.8182 8.55587 11.2992 7.90057 11.6477C7.24905 11.9924 6.49148 12.1629 5.62784 12.1591ZM5.61648 10.2273C5.99527 10.2273 6.33428 10.1364 6.63352 9.95455C6.93277 9.77273 7.16761 9.52652 7.33807 9.21591C7.50852 8.9053 7.59375 8.55682 7.59375 8.17045C7.59375 7.78409 7.50852 7.4375 7.33807 7.13068C7.1714 6.82386 6.94034 6.57955 6.64489 6.39773C6.34943 6.21591 6.01231 6.125 5.63352 6.125C5.34943 6.125 5.08617 6.17803 4.84375 6.28409C4.60511 6.39015 4.39489 6.53788 4.21307 6.72727C4.03504 6.91667 3.89489 7.13636 3.79261 7.38636C3.69034 7.63258 3.6392 7.89583 3.6392 8.17614C3.6392 8.55114 3.72443 8.89394 3.89489 9.20455C4.06913 9.51515 4.30398 9.76326 4.59943 9.94886C4.89867 10.1345 5.23769 10.2273 5.61648 10.2273Z\" fill=\"#1D1D1D\"\/>\r\n<\/svg>\n        \n        \n        \n            <\/div>\n    \n\n<div class=\"ee-iconbox-content\">\n      <h3 class=\"ee-iconbox-title bde-h3\" >Niskie wymagania konserwacyjne<\/h3>\n        <div class=\"ee-iconbox-text\" >Nie wymaga cz\u0119stej piel\u0119gnacji ani skomplikowanych zabieg\u00f3w utrzymaniowych.<\/div>\n    <\/div>\n\n<\/div>\n<\/div><\/div>\n<\/section><section id=\"bd-fancy-section2\" class=\"bde-section-72-115 bde-section\">\n  \n  \n\t\n\n\n\n<div class=\"section-container\"><div class=\"bde-image-72-116 bde-image\" data-parallax=\"true\">\n<figure class=\"breakdance-image breakdance-image--18\">\n\t<div class=\"breakdance-image-container\">\n\t\t<div class=\"breakdance-image-clip\"><img loading=\"lazy\" decoding=\"async\" class=\"breakdance-image-object\" src=\"https:\/\/kaszynski.niubrands.pl\/wp-content\/uploads\/2025\/12\/494353213_1264652419001700_2535962796193518886_n.jpg\" width=\"1080\" height=\"810\" srcset=\"https:\/\/kaszynski.niubrands.pl\/wp-content\/uploads\/2025\/12\/494353213_1264652419001700_2535962796193518886_n.jpg 1080w, https:\/\/kaszynski.niubrands.pl\/wp-content\/uploads\/2025\/12\/494353213_1264652419001700_2535962796193518886_n-300x225.jpg 300w, https:\/\/kaszynski.niubrands.pl\/wp-content\/uploads\/2025\/12\/494353213_1264652419001700_2535962796193518886_n-1024x768.jpg 1024w, https:\/\/kaszynski.niubrands.pl\/wp-content\/uploads\/2025\/12\/494353213_1264652419001700_2535962796193518886_n-768x576.jpg 768w\" sizes=\"auto, (max-width: 1080px) 100vw, 1080px\"><\/div>\n\t<\/div><\/figure>\n\n<\/div><h2 class=\"bde-heading-72-117 bde-heading\">\nPotrzebujesz wyj\u0105tkowe ogrodzenia <br>z ceg\u0142y r\u0119cznie wyrabianej?<br><br>ZADZWO\u0143 DO NAS\n<\/h2><div class=\"bde-button-72-118 bde-button\">\n    \n                        \n                        \n    \n    \n    \n    \n            \n                    \n            \n            \n\n    \n    \n    \n    \n    \n    <a class=\"breakdance-link button-atom button-atom--custom bde-button__button\" href=\"tel:691039167\" target=\"_self\" data-type=\"contact\"  >\n\n    \n        <span class=\"button-atom__text\">Zadzwo\u0144<\/span>\n\n        \n        \n                <\/a>\n\n    \n\n\n<\/div><\/div>\n<\/section>","protected":false},"excerpt":{"rendered":"<p>Ogrodzenia z ceg\u0142y r\u0119cznie formowanej Ogrodzenie z ceg\u0142y r\u0119cznie formowanej \u2013 co to jest i jak si\u0119 ich u\u017cywa? Ceg\u0142a r\u0119cznie formowana to materia\u0142 ceramiczny wytwarzany tradycyjn\u0105 metod\u0105, w kt\u00f3rej ka\u017cda ceg\u0142a formowana jest indywidualnie w formach, co nadaje jej niepowtarzalny wygl\u0105d. Charakteryzuje si\u0119 nieregularn\u0105 struktur\u0105, subtelnymi przebarwieniami oraz lekko postarzanym efektem, dzi\u0119ki czemu doskonale [&hellip;]<\/p>\n","protected":false},"author":1,"featured_media":0,"parent":0,"menu_order":0,"comment_status":"closed","ping_status":"closed","template":"","meta":{"_breakdance_hide_in_design_set":false,"_breakdance_tags":"","footnotes":""},"class_list":["post-72","page","type-page","status-publish","hentry"],"_links":{"self":[{"href":"https:\/\/kaszynski.niubrands.pl\/index.php\/wp-json\/wp\/v2\/pages\/72","targetHints":{"allow":["GET"]}}],"collection":[{"href":"https:\/\/kaszynski.niubrands.pl\/index.php\/wp-json\/wp\/v2\/pages"}],"about":[{"href":"https:\/\/kaszynski.niubrands.pl\/index.php\/wp-json\/wp\/v2\/types\/page"}],"author":[{"embeddable":true,"href":"https:\/\/kaszynski.niubrands.pl\/index.php\/wp-json\/wp\/v2\/users\/1"}],"replies":[{"embeddable":true,"href":"https:\/\/kaszynski.niubrands.pl\/index.php\/wp-json\/wp\/v2\/comments?post=72"}],"version-history":[{"count":6,"href":"https:\/\/kaszynski.niubrands.pl\/index.php\/wp-json\/wp\/v2\/pages\/72\/revisions"}],"predecessor-version":[{"id":383,"href":"https:\/\/kaszynski.niubrands.pl\/index.php\/wp-json\/wp\/v2\/pages\/72\/revisions\/383"}],"wp:attachment":[{"href":"https:\/\/kaszynski.niubrands.pl\/index.php\/wp-json\/wp\/v2\/media?parent=72"}],"curies":[{"name":"wp","href":"https:\/\/api.w.org\/{rel}","templated":true}]}}