{"id":57,"date":"2026-03-25T15:35:40","date_gmt":"2026-03-25T14:35:40","guid":{"rendered":"https:\/\/kaszynski.niubrands.pl\/?page_id=57"},"modified":"2026-04-07T20:11:39","modified_gmt":"2026-04-07T18:11:39","slug":"oferta","status":"publish","type":"page","link":"https:\/\/kaszynski.niubrands.pl\/index.php\/oferta\/","title":{"rendered":"Oferta"},"content":{"rendered":"<section class=\"bde-section-57-100 bde-section\">\n  \n  \n\t\n\n\n\n<div class=\"section-container\"><div class=\"bde-fancy-divider-57-101 bde-fancy-divider\">\n\n\n<div class=\"bde-fancy-divider__wrapper\">\n  <div class=\"bde-fancy-divider__separator   \">\n  \t  <\/div>\n<\/div>\n\n<\/div><h1 class=\"bde-heading-57-102 bde-heading\">\nOferta\n<\/h1><\/div>\n<\/section><section class=\"bde-section-57-139 bde-section\">\n  \n  \n\t\n\n\n\n<div class=\"section-container\"><div class=\"bde-columns-57-140 bde-columns\"><div class=\"bde-column-57-141 bde-column\">\n  \n  \n\t\n\n\n\n<div class=\"bde-div-57-142 bde-div\">\n  \n  \n\t\n\n\n\n<a class=\"bde-container-link-57-143 bde-container-link breakdance-link\" href=\"https:\/\/kaszynski.niubrands.pl\/index.php\/ogrodzenia-z-bloczkow-gladkich\/\" target=\"_self\" data-type=\"url\">\n  \n  \n\t\n\n\n\n<img decoding=\"async\" class=\"bde-image2-57-144 bde-image2\" src=\"https:\/\/kaszynski.niubrands.pl\/wp-content\/uploads\/2025\/12\/496106117_1278500550950220_1231352539087441526_n.jpg\" loading=\"lazy\" srcset=\"https:\/\/kaszynski.niubrands.pl\/wp-content\/uploads\/2025\/12\/496106117_1278500550950220_1231352539087441526_n.jpg 1080w, https:\/\/kaszynski.niubrands.pl\/wp-content\/uploads\/2025\/12\/496106117_1278500550950220_1231352539087441526_n-300x225.jpg 300w, https:\/\/kaszynski.niubrands.pl\/wp-content\/uploads\/2025\/12\/496106117_1278500550950220_1231352539087441526_n-1024x768.jpg 1024w, https:\/\/kaszynski.niubrands.pl\/wp-content\/uploads\/2025\/12\/496106117_1278500550950220_1231352539087441526_n-768x576.jpg 768w\" sizes=\"(max-width: 1080px) 100vw, 1080px\"><h3 class=\"bde-heading-57-145 bde-heading\">\nOgrodzenia z bloczk\u00f3w g\u0142adkich\n<\/h3>\n\n<\/a><a class=\"bde-container-link-57-146 bde-container-link breakdance-link\" href=\"https:\/\/kaszynski.niubrands.pl\/index.php\/ogrodzenia-z-bloczkow-gladkich\/\" target=\"_self\" data-type=\"url\">\n  \n  \n\t\n\n\n\n<div class=\"bde-text-57-147 bde-text\">\nOferta\n<\/div><div class=\"bde-icon-57-148 bde-icon\">\n\n    \n            <div class=\"bde-icon-icon breakdance-icon-atom\" >\n    \n                    <svg xmlns=\"http:\/\/www.w3.org\/2000\/svg\" width=\"63\" height=\"16\" viewBox=\"0 0 63 16\" fill=\"none\">\n<path opacity=\"0.88\" d=\"M62.7071 8.70711C63.0976 8.31658 63.0976 7.68342 62.7071 7.29289L56.3431 0.928932C55.9526 0.538408 55.3195 0.538408 54.9289 0.928932C54.5384 1.31946 54.5384 1.95262 54.9289 2.34315L60.5858 8L54.9289 13.6569C54.5384 14.0474 54.5384 14.6805 54.9289 15.0711C55.3195 15.4616 55.9526 15.4616 56.3431 15.0711L62.7071 8.70711ZM0 9H62V7H0V9Z\" fill=\"#384140\"\/>\n<\/svg>\n        \n        \n        \n            <\/div>\n    \n\n\n<\/div>\n\n<\/a>\n<\/div>\n<\/div><div class=\"bde-column-57-149 bde-column\">\n  \n  \n\t\n\n\n\n<div class=\"bde-div-57-150 bde-div\">\n  \n  \n\t\n\n\n\n<a class=\"bde-container-link-57-151 bde-container-link breakdance-link\" href=\"https:\/\/kaszynski.niubrands.pl\/index.php\/ogrodzenia-z-bloczkow-lupanych\/\" target=\"_self\" data-type=\"url\">\n  \n  \n\t\n\n\n\n<img decoding=\"async\" class=\"bde-image2-57-152 bde-image2\" src=\"https:\/\/kaszynski.niubrands.pl\/wp-content\/uploads\/2025\/12\/499588232_1287851986681743_2589856587762728931_n.jpg\" loading=\"lazy\" srcset=\"https:\/\/kaszynski.niubrands.pl\/wp-content\/uploads\/2025\/12\/499588232_1287851986681743_2589856587762728931_n.jpg 1080w, https:\/\/kaszynski.niubrands.pl\/wp-content\/uploads\/2025\/12\/499588232_1287851986681743_2589856587762728931_n-300x225.jpg 300w, https:\/\/kaszynski.niubrands.pl\/wp-content\/uploads\/2025\/12\/499588232_1287851986681743_2589856587762728931_n-1024x768.jpg 1024w, https:\/\/kaszynski.niubrands.pl\/wp-content\/uploads\/2025\/12\/499588232_1287851986681743_2589856587762728931_n-768x576.jpg 768w\" sizes=\"(max-width: 1080px) 100vw, 1080px\"><h3 class=\"bde-heading-57-153 bde-heading\">\nOgrodzenia z bloczk\u00f3w \u0142upanych\n<\/h3>\n\n<\/a><a class=\"bde-container-link-57-154 bde-container-link breakdance-link\" href=\"https:\/\/kaszynski.niubrands.pl\/index.php\/ogrodzenia-z-bloczkow-lupanych\/\" target=\"_self\" data-type=\"url\">\n  \n  \n\t\n\n\n\n<div class=\"bde-text-57-155 bde-text\">\nOferta\n<\/div><div class=\"bde-icon-57-156 bde-icon\">\n\n    \n            <div class=\"bde-icon-icon breakdance-icon-atom\" >\n    \n                    <svg xmlns=\"http:\/\/www.w3.org\/2000\/svg\" width=\"63\" height=\"16\" viewBox=\"0 0 63 16\" fill=\"none\">\n<path opacity=\"0.88\" d=\"M62.7071 8.70711C63.0976 8.31658 63.0976 7.68342 62.7071 7.29289L56.3431 0.928932C55.9526 0.538408 55.3195 0.538408 54.9289 0.928932C54.5384 1.31946 54.5384 1.95262 54.9289 2.34315L60.5858 8L54.9289 13.6569C54.5384 14.0474 54.5384 14.6805 54.9289 15.0711C55.3195 15.4616 55.9526 15.4616 56.3431 15.0711L62.7071 8.70711ZM0 9H62V7H0V9Z\" fill=\"#384140\"\/>\n<\/svg>\n        \n        \n        \n            <\/div>\n    \n\n\n<\/div>\n\n<\/a>\n<\/div>\n<\/div><\/div><\/div>\n<\/section><section class=\"bde-section-57-157 bde-section\">\n  \n  \n\t\n\n\n\n<div class=\"section-container\"><div class=\"bde-columns-57-158 bde-columns\"><div class=\"bde-column-57-159 bde-column\">\n  \n  \n\t\n\n\n\n<div class=\"bde-div-57-160 bde-div\">\n  \n  \n\t\n\n\n\n<a class=\"bde-container-link-57-161 bde-container-link breakdance-link\" href=\"https:\/\/kaszynski.niubrands.pl\/index.php\/ogrodzenia-z-cegly-klinkierowanej\/\" target=\"_self\" data-type=\"url\">\n  \n  \n\t\n\n\n\n<img decoding=\"async\" class=\"bde-image2-57-162 bde-image2\" src=\"https:\/\/kaszynski.niubrands.pl\/wp-content\/uploads\/2026\/03\/WhatsApp-Image-2026-03-29-at-17.37.50.jpeg\" loading=\"lazy\" srcset=\"https:\/\/kaszynski.niubrands.pl\/wp-content\/uploads\/2026\/03\/WhatsApp-Image-2026-03-29-at-17.37.50.jpeg 1000w, https:\/\/kaszynski.niubrands.pl\/wp-content\/uploads\/2026\/03\/WhatsApp-Image-2026-03-29-at-17.37.50-300x169.jpeg 300w, https:\/\/kaszynski.niubrands.pl\/wp-content\/uploads\/2026\/03\/WhatsApp-Image-2026-03-29-at-17.37.50-768x432.jpeg 768w\" sizes=\"(max-width: 1000px) 100vw, 1000px\"><h3 class=\"bde-heading-57-163 bde-heading\">\nOgrodzenia z ceg\u0142y klinkierowanej\n<\/h3>\n\n<\/a><a class=\"bde-container-link-57-164 bde-container-link breakdance-link\" href=\"https:\/\/kaszynski.niubrands.pl\/index.php\/ogrodzenia-z-cegly-klinkierowanej\/\" target=\"_self\" data-type=\"url\">\n  \n  \n\t\n\n\n\n<div class=\"bde-text-57-165 bde-text\">\nOferta\n<\/div><div class=\"bde-icon-57-166 bde-icon\">\n\n    \n            <div class=\"bde-icon-icon breakdance-icon-atom\" >\n    \n                    <svg xmlns=\"http:\/\/www.w3.org\/2000\/svg\" width=\"63\" height=\"16\" viewBox=\"0 0 63 16\" fill=\"none\">\n<path opacity=\"0.88\" d=\"M62.7071 8.70711C63.0976 8.31658 63.0976 7.68342 62.7071 7.29289L56.3431 0.928932C55.9526 0.538408 55.3195 0.538408 54.9289 0.928932C54.5384 1.31946 54.5384 1.95262 54.9289 2.34315L60.5858 8L54.9289 13.6569C54.5384 14.0474 54.5384 14.6805 54.9289 15.0711C55.3195 15.4616 55.9526 15.4616 56.3431 15.0711L62.7071 8.70711ZM0 9H62V7H0V9Z\" fill=\"#384140\"\/>\n<\/svg>\n        \n        \n        \n            <\/div>\n    \n\n\n<\/div>\n\n<\/a>\n<\/div>\n<\/div><div class=\"bde-column-57-167 bde-column\">\n  \n  \n\t\n\n\n\n<div class=\"bde-div-57-168 bde-div\">\n  \n  \n\t\n\n\n\n<a class=\"bde-container-link-57-169 bde-container-link breakdance-link\" href=\"https:\/\/kaszynski.niubrands.pl\/index.php\/ogrodzenia-z-cegly-recznie-formowanej\/\" target=\"_self\" data-type=\"url\">\n  \n  \n\t\n\n\n\n<img decoding=\"async\" class=\"bde-image2-57-170 bde-image2\" src=\"https:\/\/kaszynski.niubrands.pl\/wp-content\/uploads\/2026\/04\/WhatsApp-Image-2026-04-03-at-16.13.45.jpeg\" loading=\"lazy\" srcset=\"https:\/\/kaszynski.niubrands.pl\/wp-content\/uploads\/2026\/04\/WhatsApp-Image-2026-04-03-at-16.13.45.jpeg 2000w, https:\/\/kaszynski.niubrands.pl\/wp-content\/uploads\/2026\/04\/WhatsApp-Image-2026-04-03-at-16.13.45-300x225.jpeg 300w, https:\/\/kaszynski.niubrands.pl\/wp-content\/uploads\/2026\/04\/WhatsApp-Image-2026-04-03-at-16.13.45-1024x768.jpeg 1024w, https:\/\/kaszynski.niubrands.pl\/wp-content\/uploads\/2026\/04\/WhatsApp-Image-2026-04-03-at-16.13.45-768x576.jpeg 768w, https:\/\/kaszynski.niubrands.pl\/wp-content\/uploads\/2026\/04\/WhatsApp-Image-2026-04-03-at-16.13.45-1536x1152.jpeg 1536w\" sizes=\"(max-width: 2000px) 100vw, 2000px\"><h3 class=\"bde-heading-57-171 bde-heading\">\nOgrodzenia z ceg\u0142y r\u0119cznie formowanej\n<\/h3>\n\n<\/a><a class=\"bde-container-link-57-172 bde-container-link breakdance-link\" href=\"https:\/\/kaszynski.niubrands.pl\/index.php\/ogrodzenia-z-cegly-recznie-formowanej\/\" target=\"_self\" data-type=\"url\">\n  \n  \n\t\n\n\n\n<div class=\"bde-text-57-173 bde-text\">\nOferta\n<\/div><div class=\"bde-icon-57-174 bde-icon\">\n\n    \n            <div class=\"bde-icon-icon breakdance-icon-atom\" >\n    \n                    <svg xmlns=\"http:\/\/www.w3.org\/2000\/svg\" width=\"63\" height=\"16\" viewBox=\"0 0 63 16\" fill=\"none\">\n<path opacity=\"0.88\" d=\"M62.7071 8.70711C63.0976 8.31658 63.0976 7.68342 62.7071 7.29289L56.3431 0.928932C55.9526 0.538408 55.3195 0.538408 54.9289 0.928932C54.5384 1.31946 54.5384 1.95262 54.9289 2.34315L60.5858 8L54.9289 13.6569C54.5384 14.0474 54.5384 14.6805 54.9289 15.0711C55.3195 15.4616 55.9526 15.4616 56.3431 15.0711L62.7071 8.70711ZM0 9H62V7H0V9Z\" fill=\"#384140\"\/>\n<\/svg>\n        \n        \n        \n            <\/div>\n    \n\n\n<\/div>\n\n<\/a>\n<\/div>\n<\/div><\/div><div class=\"bde-columns-57-175 bde-columns\"><div class=\"bde-column-57-176 bde-column\">\n  \n  \n\t\n\n\n\n<div class=\"bde-div-57-177 bde-div\">\n  \n  \n\t\n\n\n\n<a class=\"bde-container-link-57-178 bde-container-link breakdance-link\" href=\"https:\/\/kaszynski.niubrands.pl\/index.php\/ogrodzenia-z-cegly-klinkierowanej\/\" target=\"_self\" data-type=\"url\">\n  \n  \n\t\n\n\n\n<img decoding=\"async\" class=\"bde-image2-57-179 bde-image2\" src=\"https:\/\/kaszynski.niubrands.pl\/wp-content\/uploads\/2026\/03\/Montaz_skrzynek_pocztowych-13.jpeg\" loading=\"lazy\" srcset=\"https:\/\/kaszynski.niubrands.pl\/wp-content\/uploads\/2026\/03\/Montaz_skrzynek_pocztowych-13.jpeg 2000w, https:\/\/kaszynski.niubrands.pl\/wp-content\/uploads\/2026\/03\/Montaz_skrzynek_pocztowych-13-300x225.jpeg 300w, https:\/\/kaszynski.niubrands.pl\/wp-content\/uploads\/2026\/03\/Montaz_skrzynek_pocztowych-13-1024x768.jpeg 1024w, https:\/\/kaszynski.niubrands.pl\/wp-content\/uploads\/2026\/03\/Montaz_skrzynek_pocztowych-13-768x576.jpeg 768w, https:\/\/kaszynski.niubrands.pl\/wp-content\/uploads\/2026\/03\/Montaz_skrzynek_pocztowych-13-1536x1152.jpeg 1536w\" sizes=\"(max-width: 2000px) 100vw, 2000px\"><h3 class=\"bde-heading-57-180 bde-heading\">\nMonta\u017c skrzynek pocztowych\n<\/h3>\n\n<\/a><a class=\"bde-container-link-57-181 bde-container-link breakdance-link\" href=\"https:\/\/kaszynski.niubrands.pl\/index.php\/ogrodzenia-z-cegly-klinkierowanej\/\" target=\"_self\" data-type=\"url\">\n  \n  \n\t\n\n\n\n<div class=\"bde-text-57-182 bde-text\">\nOferta\n<\/div><div class=\"bde-icon-57-183 bde-icon\">\n\n    \n            <div class=\"bde-icon-icon breakdance-icon-atom\" >\n    \n                    <svg xmlns=\"http:\/\/www.w3.org\/2000\/svg\" width=\"63\" height=\"16\" viewBox=\"0 0 63 16\" fill=\"none\">\n<path opacity=\"0.88\" d=\"M62.7071 8.70711C63.0976 8.31658 63.0976 7.68342 62.7071 7.29289L56.3431 0.928932C55.9526 0.538408 55.3195 0.538408 54.9289 0.928932C54.5384 1.31946 54.5384 1.95262 54.9289 2.34315L60.5858 8L54.9289 13.6569C54.5384 14.0474 54.5384 14.6805 54.9289 15.0711C55.3195 15.4616 55.9526 15.4616 56.3431 15.0711L62.7071 8.70711ZM0 9H62V7H0V9Z\" fill=\"#384140\"\/>\n<\/svg>\n        \n        \n        \n            <\/div>\n    \n\n\n<\/div>\n\n<\/a>\n<\/div>\n<\/div><div class=\"bde-column-57-184 bde-column\">\n  \n  \n\t\n\n\n\n\n<\/div><\/div><\/div>\n<\/section>","protected":false},"excerpt":{"rendered":"<p>Oferta Ogrodzenia z bloczk\u00f3w g\u0142adkich Oferta Ogrodzenia z bloczk\u00f3w \u0142upanych Oferta Ogrodzenia z ceg\u0142y klinkierowanej Oferta Ogrodzenia z ceg\u0142y r\u0119cznie formowanej Oferta Monta\u017c skrzynek pocztowych Oferta<\/p>\n","protected":false},"author":1,"featured_media":0,"parent":0,"menu_order":0,"comment_status":"closed","ping_status":"closed","template":"","meta":{"_breakdance_hide_in_design_set":false,"_breakdance_tags":"","footnotes":""},"class_list":["post-57","page","type-page","status-publish","hentry"],"_links":{"self":[{"href":"https:\/\/kaszynski.niubrands.pl\/index.php\/wp-json\/wp\/v2\/pages\/57","targetHints":{"allow":["GET"]}}],"collection":[{"href":"https:\/\/kaszynski.niubrands.pl\/index.php\/wp-json\/wp\/v2\/pages"}],"about":[{"href":"https:\/\/kaszynski.niubrands.pl\/index.php\/wp-json\/wp\/v2\/types\/page"}],"author":[{"embeddable":true,"href":"https:\/\/kaszynski.niubrands.pl\/index.php\/wp-json\/wp\/v2\/users\/1"}],"replies":[{"embeddable":true,"href":"https:\/\/kaszynski.niubrands.pl\/index.php\/wp-json\/wp\/v2\/comments?post=57"}],"version-history":[{"count":4,"href":"https:\/\/kaszynski.niubrands.pl\/index.php\/wp-json\/wp\/v2\/pages\/57\/revisions"}],"predecessor-version":[{"id":382,"href":"https:\/\/kaszynski.niubrands.pl\/index.php\/wp-json\/wp\/v2\/pages\/57\/revisions\/382"}],"wp:attachment":[{"href":"https:\/\/kaszynski.niubrands.pl\/index.php\/wp-json\/wp\/v2\/media?parent=57"}],"curies":[{"name":"wp","href":"https:\/\/api.w.org\/{rel}","templated":true}]}}