{"id":55,"date":"2026-03-25T15:35:32","date_gmt":"2026-03-25T14:35:32","guid":{"rendered":"https:\/\/kaszynski.niubrands.pl\/?page_id=55"},"modified":"2026-04-03T03:05:28","modified_gmt":"2026-04-03T01:05:28","slug":"realizacje","status":"publish","type":"page","link":"https:\/\/kaszynski.niubrands.pl\/index.php\/realizacje\/","title":{"rendered":"Realizacje"},"content":{"rendered":"<section class=\"bde-section-55-100 bde-section\">\n  \n  \n\t\n\n\n\n<div class=\"section-container\"><h1 class=\"bde-heading-55-101 bde-heading\">\nRealizacje\n<\/h1><\/div>\n<\/section><section class=\"bde-section-55-280 bde-section\">\n  \n  \n\t\n\n\n\n<div class=\"section-container\"><div class=\"bde-columns-55-281 bde-columns\"><div class=\"bde-column-55-282 bde-column\">\n  \n  \n\t\n\n\n\n<div class=\"bde-div-55-249 bde-div\">\n  \n  \n\t\n\n\n\n<a class=\"bde-container-link-55-250 bde-container-link breakdance-link\" href=\"https:\/\/kaszynski.niubrands.pl\/index.php\/ogrodzenia-joniec-horizon-marengo\/\" target=\"_self\" data-type=\"url\">\n  \n  \n\t\n\n\n\n<img decoding=\"async\" class=\"bde-image2-55-251 bde-image2\" src=\"https:\/\/kaszynski.niubrands.pl\/wp-content\/uploads\/2026\/03\/Marengo-10.jpeg\" loading=\"lazy\" srcset=\"https:\/\/kaszynski.niubrands.pl\/wp-content\/uploads\/2026\/03\/Marengo-10.jpeg 2048w, https:\/\/kaszynski.niubrands.pl\/wp-content\/uploads\/2026\/03\/Marengo-10-300x225.jpeg 300w, https:\/\/kaszynski.niubrands.pl\/wp-content\/uploads\/2026\/03\/Marengo-10-1024x768.jpeg 1024w, https:\/\/kaszynski.niubrands.pl\/wp-content\/uploads\/2026\/03\/Marengo-10-768x576.jpeg 768w, https:\/\/kaszynski.niubrands.pl\/wp-content\/uploads\/2026\/03\/Marengo-10-1536x1152.jpeg 1536w\" sizes=\"(max-width: 2048px) 100vw, 2048px\"><h3 class=\"bde-heading-55-252 bde-heading\">\nOgrodzenia Joniec Horizon Marengo\n<\/h3>\n\n<\/a><a class=\"bde-container-link-55-253 bde-container-link breakdance-link\" href=\"https:\/\/kaszynski.niubrands.pl\/index.php\/ogrodzenia-joniec-horizon-marengo\/\" target=\"_self\" data-type=\"url\">\n  \n  \n\t\n\n\n\n<div class=\"bde-text-55-254 bde-text\">\nWi\u0119cej zdj\u0119\u0107\n<\/div><div class=\"bde-icon-55-255 bde-icon\">\n\n    \n            <div class=\"bde-icon-icon breakdance-icon-atom\" >\n    \n                    <svg xmlns=\"http:\/\/www.w3.org\/2000\/svg\" width=\"63\" height=\"16\" viewBox=\"0 0 63 16\" fill=\"none\">\n<path opacity=\"0.88\" d=\"M62.7071 8.70711C63.0976 8.31658 63.0976 7.68342 62.7071 7.29289L56.3431 0.928932C55.9526 0.538408 55.3195 0.538408 54.9289 0.928932C54.5384 1.31946 54.5384 1.95262 54.9289 2.34315L60.5858 8L54.9289 13.6569C54.5384 14.0474 54.5384 14.6805 54.9289 15.0711C55.3195 15.4616 55.9526 15.4616 56.3431 15.0711L62.7071 8.70711ZM0 9H62V7H0V9Z\" fill=\"#384140\"\/>\n<\/svg>\n        \n        \n        \n            <\/div>\n    \n\n\n<\/div>\n\n<\/a>\n<\/div>\n<\/div><div class=\"bde-column-55-283 bde-column\">\n  \n  \n\t\n\n\n\n<div class=\"bde-div-55-257 bde-div\">\n  \n  \n\t\n\n\n\n<a class=\"bde-container-link-55-258 bde-container-link breakdance-link\" href=\"https:\/\/kaszynski.niubrands.pl\/index.php\/ogrodzenia-joniec-horizon-onyx\/\" target=\"_self\" data-type=\"url\">\n  \n  \n\t\n\n\n\n<img decoding=\"async\" class=\"bde-image2-55-259 bde-image2\" src=\"https:\/\/kaszynski.niubrands.pl\/wp-content\/uploads\/2026\/03\/Onyx-1.jpeg\" loading=\"lazy\" srcset=\"https:\/\/kaszynski.niubrands.pl\/wp-content\/uploads\/2026\/03\/Onyx-1.jpeg 2048w, https:\/\/kaszynski.niubrands.pl\/wp-content\/uploads\/2026\/03\/Onyx-1-300x225.jpeg 300w, https:\/\/kaszynski.niubrands.pl\/wp-content\/uploads\/2026\/03\/Onyx-1-1024x768.jpeg 1024w, https:\/\/kaszynski.niubrands.pl\/wp-content\/uploads\/2026\/03\/Onyx-1-768x576.jpeg 768w, https:\/\/kaszynski.niubrands.pl\/wp-content\/uploads\/2026\/03\/Onyx-1-1536x1152.jpeg 1536w\" sizes=\"(max-width: 2048px) 100vw, 2048px\"><h3 class=\"bde-heading-55-260 bde-heading\">\nOgrodzenia Joniec Horizon Onyx\n<\/h3>\n\n<\/a><a class=\"bde-container-link-55-261 bde-container-link breakdance-link\" href=\"https:\/\/kaszynski.niubrands.pl\/index.php\/ogrodzenia-joniec-horizon-onyx\/\" target=\"_self\" data-type=\"url\">\n  \n  \n\t\n\n\n\n<div class=\"bde-text-55-262 bde-text\">\nWi\u0119cej zdj\u0119\u0107\n<\/div><div class=\"bde-icon-55-263 bde-icon\">\n\n    \n            <div class=\"bde-icon-icon breakdance-icon-atom\" >\n    \n                    <svg xmlns=\"http:\/\/www.w3.org\/2000\/svg\" width=\"63\" height=\"16\" viewBox=\"0 0 63 16\" fill=\"none\">\n<path opacity=\"0.88\" d=\"M62.7071 8.70711C63.0976 8.31658 63.0976 7.68342 62.7071 7.29289L56.3431 0.928932C55.9526 0.538408 55.3195 0.538408 54.9289 0.928932C54.5384 1.31946 54.5384 1.95262 54.9289 2.34315L60.5858 8L54.9289 13.6569C54.5384 14.0474 54.5384 14.6805 54.9289 15.0711C55.3195 15.4616 55.9526 15.4616 56.3431 15.0711L62.7071 8.70711ZM0 9H62V7H0V9Z\" fill=\"#384140\"\/>\n<\/svg>\n        \n        \n        \n            <\/div>\n    \n\n\n<\/div>\n\n<\/a>\n<\/div>\n<\/div><div class=\"bde-column-55-284 bde-column\">\n  \n  \n\t\n\n\n\n<div class=\"bde-div-55-265 bde-div\">\n  \n  \n\t\n\n\n\n<a class=\"bde-container-link-55-266 bde-container-link breakdance-link\" href=\"https:\/\/kaszynski.niubrands.pl\/index.php\/montaz-skrzynek-pocztowych\/\" target=\"_self\" data-type=\"url\">\n  \n  \n\t\n\n\n\n<img decoding=\"async\" class=\"bde-image2-55-267 bde-image2\" src=\"https:\/\/kaszynski.niubrands.pl\/wp-content\/uploads\/2026\/03\/Montaz_skrzynek_pocztowych-12.jpeg\" loading=\"lazy\" srcset=\"https:\/\/kaszynski.niubrands.pl\/wp-content\/uploads\/2026\/03\/Montaz_skrzynek_pocztowych-12.jpeg 1500w, https:\/\/kaszynski.niubrands.pl\/wp-content\/uploads\/2026\/03\/Montaz_skrzynek_pocztowych-12-225x300.jpeg 225w, https:\/\/kaszynski.niubrands.pl\/wp-content\/uploads\/2026\/03\/Montaz_skrzynek_pocztowych-12-768x1024.jpeg 768w, https:\/\/kaszynski.niubrands.pl\/wp-content\/uploads\/2026\/03\/Montaz_skrzynek_pocztowych-12-1152x1536.jpeg 1152w\" sizes=\"(max-width: 1500px) 100vw, 1500px\"><h3 class=\"bde-heading-55-268 bde-heading\">\nMonta\u017c skrzynek pocztowych\n<\/h3>\n\n<\/a><a class=\"bde-container-link-55-269 bde-container-link breakdance-link\" href=\"https:\/\/kaszynski.niubrands.pl\/index.php\/montaz-skrzynek-pocztowych\/\" target=\"_self\" data-type=\"url\">\n  \n  \n\t\n\n\n\n<div class=\"bde-text-55-270 bde-text\">\nWi\u0119cej zdj\u0119\u0107\n<\/div><div class=\"bde-icon-55-271 bde-icon\">\n\n    \n            <div class=\"bde-icon-icon breakdance-icon-atom\" >\n    \n                    <svg xmlns=\"http:\/\/www.w3.org\/2000\/svg\" width=\"63\" height=\"16\" viewBox=\"0 0 63 16\" fill=\"none\">\n<path opacity=\"0.88\" d=\"M62.7071 8.70711C63.0976 8.31658 63.0976 7.68342 62.7071 7.29289L56.3431 0.928932C55.9526 0.538408 55.3195 0.538408 54.9289 0.928932C54.5384 1.31946 54.5384 1.95262 54.9289 2.34315L60.5858 8L54.9289 13.6569C54.5384 14.0474 54.5384 14.6805 54.9289 15.0711C55.3195 15.4616 55.9526 15.4616 56.3431 15.0711L62.7071 8.70711ZM0 9H62V7H0V9Z\" fill=\"#384140\"\/>\n<\/svg>\n        \n        \n        \n            <\/div>\n    \n\n\n<\/div>\n\n<\/a>\n<\/div>\n<\/div><\/div><div class=\"bde-columns-55-285 bde-columns\"><div class=\"bde-column-55-286 bde-column\">\n  \n  \n\t\n\n\n\n<div class=\"bde-div-55-273 bde-div\">\n  \n  \n\t\n\n\n\n<a class=\"bde-container-link-55-274 bde-container-link breakdance-link\" href=\"https:\/\/kaszynski.niubrands.pl\/index.php\/cegla-klinkierowana\/\" target=\"_self\" data-type=\"url\">\n  \n  \n\t\n\n\n\n<img decoding=\"async\" class=\"bde-image2-55-275 bde-image2\" src=\"https:\/\/kaszynski.niubrands.pl\/wp-content\/uploads\/2026\/03\/klinkierowe-1.jpeg\" loading=\"lazy\" srcset=\"https:\/\/kaszynski.niubrands.pl\/wp-content\/uploads\/2026\/03\/klinkierowe-1.jpeg 1024w, https:\/\/kaszynski.niubrands.pl\/wp-content\/uploads\/2026\/03\/klinkierowe-1-300x225.jpeg 300w, https:\/\/kaszynski.niubrands.pl\/wp-content\/uploads\/2026\/03\/klinkierowe-1-768x576.jpeg 768w\" sizes=\"(max-width: 1024px) 100vw, 1024px\"><h3 class=\"bde-heading-55-276 bde-heading\">\nOgrodzenia z ceg\u0142y klinkierowej\n<\/h3>\n\n<\/a><a class=\"bde-container-link-55-277 bde-container-link breakdance-link\" href=\"https:\/\/kaszynski.niubrands.pl\/index.php\/cegla-klinkierowana\/\" target=\"_self\" data-type=\"url\">\n  \n  \n\t\n\n\n\n<div class=\"bde-text-55-278 bde-text\">\nWi\u0119cej zdj\u0119\u0107\n<\/div><div class=\"bde-icon-55-279 bde-icon\">\n\n    \n            <div class=\"bde-icon-icon breakdance-icon-atom\" >\n    \n                    <svg xmlns=\"http:\/\/www.w3.org\/2000\/svg\" width=\"63\" height=\"16\" viewBox=\"0 0 63 16\" fill=\"none\">\n<path opacity=\"0.88\" d=\"M62.7071 8.70711C63.0976 8.31658 63.0976 7.68342 62.7071 7.29289L56.3431 0.928932C55.9526 0.538408 55.3195 0.538408 54.9289 0.928932C54.5384 1.31946 54.5384 1.95262 54.9289 2.34315L60.5858 8L54.9289 13.6569C54.5384 14.0474 54.5384 14.6805 54.9289 15.0711C55.3195 15.4616 55.9526 15.4616 56.3431 15.0711L62.7071 8.70711ZM0 9H62V7H0V9Z\" fill=\"#384140\"\/>\n<\/svg>\n        \n        \n        \n            <\/div>\n    \n\n\n<\/div>\n\n<\/a>\n<\/div>\n<\/div><div class=\"bde-column-55-294 bde-column\">\n  \n  \n\t\n\n\n\n<div class=\"bde-div-55-310 bde-div\">\n  \n  \n\t\n\n\n\n<a class=\"bde-container-link-55-311 bde-container-link breakdance-link\" href=\"https:\/\/kaszynski.niubrands.pl\/index.php\/ogrodzenia-z-bloczkow-lupanych-galeria\/\" target=\"_self\" data-type=\"url\">\n  \n  \n\t\n\n\n\n<img decoding=\"async\" class=\"bde-image2-55-312 bde-image2\" src=\"https:\/\/kaszynski.niubrands.pl\/wp-content\/uploads\/2026\/04\/Ogrodzenia-z-bloczkow_lupanych-17.jpeg\" loading=\"lazy\" srcset=\"https:\/\/kaszynski.niubrands.pl\/wp-content\/uploads\/2026\/04\/Ogrodzenia-z-bloczkow_lupanych-17.jpeg 960w, https:\/\/kaszynski.niubrands.pl\/wp-content\/uploads\/2026\/04\/Ogrodzenia-z-bloczkow_lupanych-17-300x225.jpeg 300w, https:\/\/kaszynski.niubrands.pl\/wp-content\/uploads\/2026\/04\/Ogrodzenia-z-bloczkow_lupanych-17-768x576.jpeg 768w\" sizes=\"(max-width: 960px) 100vw, 960px\"><h3 class=\"bde-heading-55-313 bde-heading\">\nOgrodzenia z bloczk\u00f3w \u0142upanych\n<\/h3>\n\n<\/a><a class=\"bde-container-link-55-314 bde-container-link breakdance-link\" href=\"https:\/\/kaszynski.niubrands.pl\/index.php\/ogrodzenia-z-bloczkow-lupanych-galeria\/\" target=\"_self\" data-type=\"url\">\n  \n  \n\t\n\n\n\n<div class=\"bde-text-55-315 bde-text\">\nWi\u0119cej zdj\u0119\u0107\n<\/div><div class=\"bde-icon-55-316 bde-icon\">\n\n    \n            <div class=\"bde-icon-icon breakdance-icon-atom\" >\n    \n                    <svg xmlns=\"http:\/\/www.w3.org\/2000\/svg\" width=\"63\" height=\"16\" viewBox=\"0 0 63 16\" fill=\"none\">\n<path opacity=\"0.88\" d=\"M62.7071 8.70711C63.0976 8.31658 63.0976 7.68342 62.7071 7.29289L56.3431 0.928932C55.9526 0.538408 55.3195 0.538408 54.9289 0.928932C54.5384 1.31946 54.5384 1.95262 54.9289 2.34315L60.5858 8L54.9289 13.6569C54.5384 14.0474 54.5384 14.6805 54.9289 15.0711C55.3195 15.4616 55.9526 15.4616 56.3431 15.0711L62.7071 8.70711ZM0 9H62V7H0V9Z\" fill=\"#384140\"\/>\n<\/svg>\n        \n        \n        \n            <\/div>\n    \n\n\n<\/div>\n\n<\/a>\n<\/div>\n<\/div><div class=\"bde-column-55-302 bde-column\">\n  \n  \n\t\n\n\n\n<div class=\"bde-div-55-317 bde-div\">\n  \n  \n\t\n\n\n\n<a class=\"bde-container-link-55-318 bde-container-link breakdance-link\" href=\"https:\/\/kaszynski.niubrands.pl\/index.php\/ogrodzenia-joniec-horizon-amber-z-lampami-led-block\/\" target=\"_self\" data-type=\"url\">\n  \n  \n\t\n\n\n\n<img decoding=\"async\" class=\"bde-image2-55-319 bde-image2\" src=\"https:\/\/kaszynski.niubrands.pl\/wp-content\/uploads\/2026\/04\/Ogrodzenia-Joniec-Horizon-Amber-z-lampami-led-block-9.jpeg\" loading=\"lazy\" srcset=\"https:\/\/kaszynski.niubrands.pl\/wp-content\/uploads\/2026\/04\/Ogrodzenia-Joniec-Horizon-Amber-z-lampami-led-block-9.jpeg 2000w, https:\/\/kaszynski.niubrands.pl\/wp-content\/uploads\/2026\/04\/Ogrodzenia-Joniec-Horizon-Amber-z-lampami-led-block-9-300x225.jpeg 300w, https:\/\/kaszynski.niubrands.pl\/wp-content\/uploads\/2026\/04\/Ogrodzenia-Joniec-Horizon-Amber-z-lampami-led-block-9-1024x768.jpeg 1024w, https:\/\/kaszynski.niubrands.pl\/wp-content\/uploads\/2026\/04\/Ogrodzenia-Joniec-Horizon-Amber-z-lampami-led-block-9-768x576.jpeg 768w, https:\/\/kaszynski.niubrands.pl\/wp-content\/uploads\/2026\/04\/Ogrodzenia-Joniec-Horizon-Amber-z-lampami-led-block-9-1536x1152.jpeg 1536w\" sizes=\"(max-width: 2000px) 100vw, 2000px\"><h3 class=\"bde-heading-55-320 bde-heading\">\nOgrodzenia Joniec Horizon Amber z lampami led block\n<\/h3>\n\n<\/a><a class=\"bde-container-link-55-321 bde-container-link breakdance-link\" href=\"https:\/\/kaszynski.niubrands.pl\/index.php\/ogrodzenia-joniec-horizon-amber-z-lampami-led-block\/\" target=\"_self\" data-type=\"url\">\n  \n  \n\t\n\n\n\n<div class=\"bde-text-55-322 bde-text\">\nWi\u0119cej zdj\u0119\u0107\n<\/div><div class=\"bde-icon-55-323 bde-icon\">\n\n    \n            <div class=\"bde-icon-icon breakdance-icon-atom\" >\n    \n                    <svg xmlns=\"http:\/\/www.w3.org\/2000\/svg\" width=\"63\" height=\"16\" viewBox=\"0 0 63 16\" fill=\"none\">\n<path opacity=\"0.88\" d=\"M62.7071 8.70711C63.0976 8.31658 63.0976 7.68342 62.7071 7.29289L56.3431 0.928932C55.9526 0.538408 55.3195 0.538408 54.9289 0.928932C54.5384 1.31946 54.5384 1.95262 54.9289 2.34315L60.5858 8L54.9289 13.6569C54.5384 14.0474 54.5384 14.6805 54.9289 15.0711C55.3195 15.4616 55.9526 15.4616 56.3431 15.0711L62.7071 8.70711ZM0 9H62V7H0V9Z\" fill=\"#384140\"\/>\n<\/svg>\n        \n        \n        \n            <\/div>\n    \n\n\n<\/div>\n\n<\/a>\n<\/div>\n<\/div><\/div><div class=\"bde-columns-55-324 bde-columns\"><div class=\"bde-column-55-325 bde-column\">\n  \n  \n\t\n\n\n\n<div class=\"bde-div-55-326 bde-div\">\n  \n  \n\t\n\n\n\n<a class=\"bde-container-link-55-327 bde-container-link breakdance-link\" href=\"https:\/\/kaszynski.niubrands.pl\/index.php\/ogrodzenia-joniec-alba-perfect-plus-wypelnienie-kombo\/\" target=\"_self\" data-type=\"url\">\n  \n  \n\t\n\n\n\n<img decoding=\"async\" class=\"bde-image2-55-328 bde-image2\" src=\"https:\/\/kaszynski.niubrands.pl\/wp-content\/uploads\/2026\/04\/Ogrodzenia-Joniec-Alba-Perfect-plus-wypelnienie-kombo-2.jpeg\" loading=\"lazy\" srcset=\"https:\/\/kaszynski.niubrands.pl\/wp-content\/uploads\/2026\/04\/Ogrodzenia-Joniec-Alba-Perfect-plus-wypelnienie-kombo-2.jpeg 2048w, https:\/\/kaszynski.niubrands.pl\/wp-content\/uploads\/2026\/04\/Ogrodzenia-Joniec-Alba-Perfect-plus-wypelnienie-kombo-2-300x138.jpeg 300w, https:\/\/kaszynski.niubrands.pl\/wp-content\/uploads\/2026\/04\/Ogrodzenia-Joniec-Alba-Perfect-plus-wypelnienie-kombo-2-1024x473.jpeg 1024w, https:\/\/kaszynski.niubrands.pl\/wp-content\/uploads\/2026\/04\/Ogrodzenia-Joniec-Alba-Perfect-plus-wypelnienie-kombo-2-768x354.jpeg 768w, https:\/\/kaszynski.niubrands.pl\/wp-content\/uploads\/2026\/04\/Ogrodzenia-Joniec-Alba-Perfect-plus-wypelnienie-kombo-2-1536x709.jpeg 1536w\" sizes=\"(max-width: 2048px) 100vw, 2048px\"><h3 class=\"bde-heading-55-329 bde-heading\">\nOgrodzenia Joniec Alba Perfect plus wype\u0142nienie kombo\n<\/h3>\n\n<\/a><a class=\"bde-container-link-55-330 bde-container-link breakdance-link\" href=\"https:\/\/kaszynski.niubrands.pl\/index.php\/ogrodzenia-joniec-alba-perfect-plus-wypelnienie-kombo\/\" target=\"_self\" data-type=\"url\">\n  \n  \n\t\n\n\n\n<div class=\"bde-text-55-331 bde-text\">\nWi\u0119cej zdj\u0119\u0107\n<\/div><div class=\"bde-icon-55-332 bde-icon\">\n\n    \n            <div class=\"bde-icon-icon breakdance-icon-atom\" >\n    \n                    <svg xmlns=\"http:\/\/www.w3.org\/2000\/svg\" width=\"63\" height=\"16\" viewBox=\"0 0 63 16\" fill=\"none\">\n<path opacity=\"0.88\" d=\"M62.7071 8.70711C63.0976 8.31658 63.0976 7.68342 62.7071 7.29289L56.3431 0.928932C55.9526 0.538408 55.3195 0.538408 54.9289 0.928932C54.5384 1.31946 54.5384 1.95262 54.9289 2.34315L60.5858 8L54.9289 13.6569C54.5384 14.0474 54.5384 14.6805 54.9289 15.0711C55.3195 15.4616 55.9526 15.4616 56.3431 15.0711L62.7071 8.70711ZM0 9H62V7H0V9Z\" fill=\"#384140\"\/>\n<\/svg>\n        \n        \n        \n            <\/div>\n    \n\n\n<\/div>\n\n<\/a>\n<\/div>\n<\/div><div class=\"bde-column-55-333 bde-column\">\n  \n  \n\t\n\n\n\n<div class=\"bde-div-55-334 bde-div\">\n  \n  \n\t\n\n\n\n<a class=\"bde-container-link-55-335 bde-container-link breakdance-link\" href=\"https:\/\/kaszynski.niubrands.pl\/index.php\/ogrodzenia-drewbet-cubo-piaskowy\/\" target=\"_self\" data-type=\"url\">\n  \n  \n\t\n\n\n\n<img decoding=\"async\" class=\"bde-image2-55-336 bde-image2\" src=\"https:\/\/kaszynski.niubrands.pl\/wp-content\/uploads\/2026\/04\/Ogrodzenia-Drewbet-cubo-piaskowy-8.jpeg\" loading=\"lazy\" srcset=\"https:\/\/kaszynski.niubrands.pl\/wp-content\/uploads\/2026\/04\/Ogrodzenia-Drewbet-cubo-piaskowy-8.jpeg 960w, https:\/\/kaszynski.niubrands.pl\/wp-content\/uploads\/2026\/04\/Ogrodzenia-Drewbet-cubo-piaskowy-8-300x225.jpeg 300w, https:\/\/kaszynski.niubrands.pl\/wp-content\/uploads\/2026\/04\/Ogrodzenia-Drewbet-cubo-piaskowy-8-768x576.jpeg 768w\" sizes=\"(max-width: 960px) 100vw, 960px\"><h3 class=\"bde-heading-55-337 bde-heading\">\nOgrodzenia Drewbet cubo piaskowy\n<\/h3>\n\n<\/a><a class=\"bde-container-link-55-338 bde-container-link breakdance-link\" href=\"https:\/\/kaszynski.niubrands.pl\/index.php\/ogrodzenia-drewbet-cubo-piaskowy\/\" target=\"_self\" data-type=\"url\">\n  \n  \n\t\n\n\n\n<div class=\"bde-text-55-339 bde-text\">\nWi\u0119cej zdj\u0119\u0107\n<\/div><div class=\"bde-icon-55-340 bde-icon\">\n\n    \n            <div class=\"bde-icon-icon breakdance-icon-atom\" >\n    \n                    <svg xmlns=\"http:\/\/www.w3.org\/2000\/svg\" width=\"63\" height=\"16\" viewBox=\"0 0 63 16\" fill=\"none\">\n<path opacity=\"0.88\" d=\"M62.7071 8.70711C63.0976 8.31658 63.0976 7.68342 62.7071 7.29289L56.3431 0.928932C55.9526 0.538408 55.3195 0.538408 54.9289 0.928932C54.5384 1.31946 54.5384 1.95262 54.9289 2.34315L60.5858 8L54.9289 13.6569C54.5384 14.0474 54.5384 14.6805 54.9289 15.0711C55.3195 15.4616 55.9526 15.4616 56.3431 15.0711L62.7071 8.70711ZM0 9H62V7H0V9Z\" fill=\"#384140\"\/>\n<\/svg>\n        \n        \n        \n            <\/div>\n    \n\n\n<\/div>\n\n<\/a>\n<\/div>\n<\/div><div class=\"bde-column-55-341 bde-column\">\n  \n  \n\t\n\n\n\n<div class=\"bde-div-55-342 bde-div\">\n  \n  \n\t\n\n\n\n<a class=\"bde-container-link-55-343 bde-container-link breakdance-link\" href=\"https:\/\/kaszynski.niubrands.pl\/index.php\/ogrodzenia-joniec-horizon-piryt\/\" target=\"_self\" data-type=\"url\">\n  \n  \n\t\n\n\n\n<img decoding=\"async\" class=\"bde-image2-55-344 bde-image2\" src=\"https:\/\/kaszynski.niubrands.pl\/wp-content\/uploads\/2026\/04\/Ogrodzenia-Joniec-Horizon-Piryt-11.jpeg\" loading=\"lazy\" srcset=\"https:\/\/kaszynski.niubrands.pl\/wp-content\/uploads\/2026\/04\/Ogrodzenia-Joniec-Horizon-Piryt-11.jpeg 960w, https:\/\/kaszynski.niubrands.pl\/wp-content\/uploads\/2026\/04\/Ogrodzenia-Joniec-Horizon-Piryt-11-300x225.jpeg 300w, https:\/\/kaszynski.niubrands.pl\/wp-content\/uploads\/2026\/04\/Ogrodzenia-Joniec-Horizon-Piryt-11-768x576.jpeg 768w\" sizes=\"(max-width: 960px) 100vw, 960px\"><h3 class=\"bde-heading-55-345 bde-heading\">\nOgrodzenia Joniec Horizon Piryt\n<\/h3>\n\n<\/a><a class=\"bde-container-link-55-346 bde-container-link breakdance-link\" href=\"https:\/\/kaszynski.niubrands.pl\/index.php\/ogrodzenia-joniec-horizon-piryt\/\" target=\"_self\" data-type=\"url\">\n  \n  \n\t\n\n\n\n<div class=\"bde-text-55-347 bde-text\">\nWi\u0119cej zdj\u0119\u0107\n<\/div><div class=\"bde-icon-55-348 bde-icon\">\n\n    \n            <div class=\"bde-icon-icon breakdance-icon-atom\" >\n    \n                    <svg xmlns=\"http:\/\/www.w3.org\/2000\/svg\" width=\"63\" height=\"16\" viewBox=\"0 0 63 16\" fill=\"none\">\n<path opacity=\"0.88\" d=\"M62.7071 8.70711C63.0976 8.31658 63.0976 7.68342 62.7071 7.29289L56.3431 0.928932C55.9526 0.538408 55.3195 0.538408 54.9289 0.928932C54.5384 1.31946 54.5384 1.95262 54.9289 2.34315L60.5858 8L54.9289 13.6569C54.5384 14.0474 54.5384 14.6805 54.9289 15.0711C55.3195 15.4616 55.9526 15.4616 56.3431 15.0711L62.7071 8.70711ZM0 9H62V7H0V9Z\" fill=\"#384140\"\/>\n<\/svg>\n        \n        \n        \n            <\/div>\n    \n\n\n<\/div>\n\n<\/a>\n<\/div>\n<\/div><\/div><\/div>\n<\/section>","protected":false},"excerpt":{"rendered":"<p>Realizacje Ogrodzenia Joniec Horizon Marengo Wi\u0119cej zdj\u0119\u0107 Ogrodzenia Joniec Horizon Onyx Wi\u0119cej zdj\u0119\u0107 Monta\u017c skrzynek pocztowych Wi\u0119cej zdj\u0119\u0107 Ogrodzenia z ceg\u0142y klinkierowej Wi\u0119cej zdj\u0119\u0107 Ogrodzenia z bloczk\u00f3w \u0142upanych Wi\u0119cej zdj\u0119\u0107 Ogrodzenia Joniec Horizon Amber z lampami led block Wi\u0119cej zdj\u0119\u0107 Ogrodzenia Joniec Alba Perfect plus wype\u0142nienie kombo Wi\u0119cej zdj\u0119\u0107 Ogrodzenia Drewbet cubo piaskowy Wi\u0119cej zdj\u0119\u0107 [&hellip;]<\/p>\n","protected":false},"author":1,"featured_media":0,"parent":0,"menu_order":0,"comment_status":"closed","ping_status":"closed","template":"","meta":{"_breakdance_hide_in_design_set":false,"_breakdance_tags":"","footnotes":""},"class_list":["post-55","page","type-page","status-publish","hentry"],"_links":{"self":[{"href":"https:\/\/kaszynski.niubrands.pl\/index.php\/wp-json\/wp\/v2\/pages\/55","targetHints":{"allow":["GET"]}}],"collection":[{"href":"https:\/\/kaszynski.niubrands.pl\/index.php\/wp-json\/wp\/v2\/pages"}],"about":[{"href":"https:\/\/kaszynski.niubrands.pl\/index.php\/wp-json\/wp\/v2\/types\/page"}],"author":[{"embeddable":true,"href":"https:\/\/kaszynski.niubrands.pl\/index.php\/wp-json\/wp\/v2\/users\/1"}],"replies":[{"embeddable":true,"href":"https:\/\/kaszynski.niubrands.pl\/index.php\/wp-json\/wp\/v2\/comments?post=55"}],"version-history":[{"count":22,"href":"https:\/\/kaszynski.niubrands.pl\/index.php\/wp-json\/wp\/v2\/pages\/55\/revisions"}],"predecessor-version":[{"id":378,"href":"https:\/\/kaszynski.niubrands.pl\/index.php\/wp-json\/wp\/v2\/pages\/55\/revisions\/378"}],"wp:attachment":[{"href":"https:\/\/kaszynski.niubrands.pl\/index.php\/wp-json\/wp\/v2\/media?parent=55"}],"curies":[{"name":"wp","href":"https:\/\/api.w.org\/{rel}","templated":true}]}}