{"id":51,"date":"2026-03-25T15:35:10","date_gmt":"2026-03-25T14:35:10","guid":{"rendered":"https:\/\/kaszynski.niubrands.pl\/?page_id=51"},"modified":"2026-03-29T20:17:26","modified_gmt":"2026-03-29T18:17:26","slug":"o-nas","status":"publish","type":"page","link":"https:\/\/kaszynski.niubrands.pl\/index.php\/o-nas\/","title":{"rendered":"O nas"},"content":{"rendered":"<section class=\"bde-section-51-100 bde-section\">\n  \n  \n\t\n\n\n\n<div class=\"section-container\"><div class=\"bde-columns-51-101 bde-columns\"><div class=\"bde-column-51-102 bde-column\">\n  \n  \n\t\n\n\n\n<img decoding=\"async\" class=\"bde-image2-51-103 bde-image2\" src=\"https:\/\/kaszynski.niubrands.pl\/wp-content\/uploads\/2025\/12\/559377925_1417484077051866_5201533344510292640_n.jpg\" loading=\"lazy\" srcset=\"https:\/\/kaszynski.niubrands.pl\/wp-content\/uploads\/2025\/12\/559377925_1417484077051866_5201533344510292640_n.jpg 2048w, https:\/\/kaszynski.niubrands.pl\/wp-content\/uploads\/2025\/12\/559377925_1417484077051866_5201533344510292640_n-300x225.jpg 300w, https:\/\/kaszynski.niubrands.pl\/wp-content\/uploads\/2025\/12\/559377925_1417484077051866_5201533344510292640_n-1024x768.jpg 1024w, https:\/\/kaszynski.niubrands.pl\/wp-content\/uploads\/2025\/12\/559377925_1417484077051866_5201533344510292640_n-768x576.jpg 768w, https:\/\/kaszynski.niubrands.pl\/wp-content\/uploads\/2025\/12\/559377925_1417484077051866_5201533344510292640_n-1536x1152.jpg 1536w\" sizes=\"(max-width: 2048px) 100vw, 2048px\">\n<\/div><div class=\"bde-column-51-104 bde-column\">\n  \n  \n\t\n\n\n\n<h2 class=\"bde-heading-51-105 bde-heading\">\nOgrodzenia Tomasz Kaszy\u0144ski\n<\/h2><div class=\"bde-text-51-106 bde-text\">\nOd ponad 20 lat tworzymy solidne i estetyczne ogrodzenia dla klient\u00f3w z okolic Poznania, \u0142\u0105cz\u0105c do\u015bwiadczenie z nowoczesnymi rozwi\u0105zaniami. Specjalizujemy si\u0119 w kompleksowym monta\u017cu ogrodze\u0144 dopasowanych do indywidualnych potrzeb i charakteru ka\u017cdej posesji. W naszej ofercie znajduj\u0105 si\u0119 ogrodzenia z bloczk\u00f3w g\u0142adkich i \u0142upanych, kt\u00f3re wyr\u00f3\u017cniaj\u0105 si\u0119 trwa\u0142o\u015bci\u0105 i eleganckim wygl\u0105dem. Wykonujemy r\u00f3wnie\u017c presti\u017cowe realizacje z ceg\u0142y klinkierowej oraz ceg\u0142y r\u0119cznie formowanej, nadaj\u0105ce inwestycjom wyj\u0105tkowego stylu. <br><br>Dbamy o ka\u017cdy detal, pocz\u0105wszy od projektu, a\u017c po finalny monta\u017c, gwarantuj\u0105c najwy\u017csz\u0105 jako\u015b\u0107 wykonania. Nasze realizacje to po\u0142\u0105czenie funkcjonalno\u015bci, bezpiecze\u0144stwa oraz ponadczasowej estetyki. Zaufanie klient\u00f3w budujemy rzetelno\u015bci\u0105, terminowo\u015bci\u0105 oraz indywidualnym podej\u015bciem do ka\u017cdego zlecenia. Zapraszamy do wsp\u00f3\u0142pracy i stworzenia ogrodzenia, kt\u00f3re stanie si\u0119 wizyt\u00f3wk\u0105 Twojej nieruchomo\u015bci.\n<\/div><div class=\"bde-columns-51-110 bde-columns\"><div class=\"bde-column-51-111 bde-column\">\n  \n  \n\t\n\n\n\n<div class=\"bde-button-51-109 bde-button\">\n    \n                        \n                        \n    \n    \n    \n    \n            \n                    \n            \n            \n\n    \n    \n    \n    \n    \n    <a class=\"breakdance-link button-atom button-atom--custom bde-button__button\" href=\"tel:691039167\" target=\"_self\" data-type=\"contact\"  >\n\n    \n        <span class=\"button-atom__text\">Zadzwo\u0144<\/span>\n\n        \n        \n                <\/a>\n\n    \n\n\n<\/div>\n<\/div><div class=\"bde-column-51-112 bde-column\">\n  \n  \n\t\n\n\n\n<div class=\"bde-button-51-113 bde-button\">\n    \n                        \n                        \n    \n    \n    \n    \n            \n                    \n            \n            \n\n    \n    \n    \n    \n    \n    <a class=\"breakdance-link button-atom button-atom--custom bde-button__button\" href=\"tel:691039167\" target=\"_self\" data-type=\"contact\"  >\n\n    \n        <span class=\"button-atom__text\">Realizacje<\/span>\n\n        \n        \n                <\/a>\n\n    \n\n\n<\/div>\n<\/div><\/div>\n<\/div><\/div><\/div>\n<\/section><section class=\"bde-section-51-114 bde-section\">\n  \n  \n\t\n\n\n\n<div class=\"section-container\"><h1 class=\"bde-heading-51-115 bde-heading\">\nNasza oferta\n<\/h1><div class=\"bde-div-51-116 bde-div\">\n  \n  \n\t\n\n\n\n<div class=\"bde-columns-51-117 bde-columns\"><div class=\"bde-column-51-118 bde-column\">\n  \n  \n\t\n\n\n\n<div class=\"bde-div-51-119 bde-div\">\n  \n  \n\t\n\n\n\n<a class=\"bde-container-link-51-120 bde-container-link breakdance-link\" href=\"https:\/\/kaszynski.niubrands.pl\/index.php\/ogrodzenia-z-bloczkow-gladkich\/\" target=\"_self\" data-type=\"url\">\n  \n  \n\t\n\n\n\n<img decoding=\"async\" class=\"bde-image2-51-121 bde-image2\" src=\"https:\/\/kaszynski.niubrands.pl\/wp-content\/uploads\/2025\/12\/496106117_1278500550950220_1231352539087441526_n.jpg\" loading=\"lazy\" srcset=\"https:\/\/kaszynski.niubrands.pl\/wp-content\/uploads\/2025\/12\/496106117_1278500550950220_1231352539087441526_n.jpg 1080w, https:\/\/kaszynski.niubrands.pl\/wp-content\/uploads\/2025\/12\/496106117_1278500550950220_1231352539087441526_n-300x225.jpg 300w, https:\/\/kaszynski.niubrands.pl\/wp-content\/uploads\/2025\/12\/496106117_1278500550950220_1231352539087441526_n-1024x768.jpg 1024w, https:\/\/kaszynski.niubrands.pl\/wp-content\/uploads\/2025\/12\/496106117_1278500550950220_1231352539087441526_n-768x576.jpg 768w\" sizes=\"(max-width: 1080px) 100vw, 1080px\"><h3 class=\"bde-heading-51-122 bde-heading\">\nOgrodzenia z bloczk\u00f3w g\u0142adkich\n<\/h3>\n\n<\/a><a class=\"bde-container-link-51-123 bde-container-link breakdance-link\" href=\"https:\/\/kaszynski.niubrands.pl\/index.php\/ogrodzenia-z-bloczkow-gladkich\/\" target=\"_self\" data-type=\"url\">\n  \n  \n\t\n\n\n\n<div class=\"bde-text-51-124 bde-text\">\noferta\n<\/div><div class=\"bde-icon-51-125 bde-icon\">\n\n    \n            <div class=\"bde-icon-icon breakdance-icon-atom\" >\n    \n                    <svg xmlns=\"http:\/\/www.w3.org\/2000\/svg\" width=\"63\" height=\"16\" viewBox=\"0 0 63 16\" fill=\"none\">\n<path opacity=\"0.88\" d=\"M62.7071 8.70711C63.0976 8.31658 63.0976 7.68342 62.7071 7.29289L56.3431 0.928932C55.9526 0.538408 55.3195 0.538408 54.9289 0.928932C54.5384 1.31946 54.5384 1.95262 54.9289 2.34315L60.5858 8L54.9289 13.6569C54.5384 14.0474 54.5384 14.6805 54.9289 15.0711C55.3195 15.4616 55.9526 15.4616 56.3431 15.0711L62.7071 8.70711ZM0 9H62V7H0V9Z\" fill=\"#384140\"\/>\n<\/svg>\n        \n        \n        \n            <\/div>\n    \n\n\n<\/div>\n\n<\/a>\n<\/div>\n<\/div><div class=\"bde-column-51-126 bde-column\">\n  \n  \n\t\n\n\n\n<div class=\"bde-div-51-127 bde-div\">\n  \n  \n\t\n\n\n\n<a class=\"bde-container-link-51-128 bde-container-link breakdance-link\" href=\"https:\/\/kaszynski.niubrands.pl\/index.php\/ogrodzenia-z-bloczkow-lupanych\/\" target=\"_self\" data-type=\"url\">\n  \n  \n\t\n\n\n\n<img decoding=\"async\" class=\"bde-image2-51-129 bde-image2\" src=\"https:\/\/kaszynski.niubrands.pl\/wp-content\/uploads\/2025\/12\/499588232_1287851986681743_2589856587762728931_n.jpg\" loading=\"lazy\" srcset=\"https:\/\/kaszynski.niubrands.pl\/wp-content\/uploads\/2025\/12\/499588232_1287851986681743_2589856587762728931_n.jpg 1080w, https:\/\/kaszynski.niubrands.pl\/wp-content\/uploads\/2025\/12\/499588232_1287851986681743_2589856587762728931_n-300x225.jpg 300w, https:\/\/kaszynski.niubrands.pl\/wp-content\/uploads\/2025\/12\/499588232_1287851986681743_2589856587762728931_n-1024x768.jpg 1024w, https:\/\/kaszynski.niubrands.pl\/wp-content\/uploads\/2025\/12\/499588232_1287851986681743_2589856587762728931_n-768x576.jpg 768w\" sizes=\"(max-width: 1080px) 100vw, 1080px\"><h3 class=\"bde-heading-51-130 bde-heading\">\nOgrodzenia z bloczk\u00f3w \u0142upanych\n<\/h3>\n\n<\/a><a class=\"bde-container-link-51-131 bde-container-link breakdance-link\" href=\"https:\/\/kaszynski.niubrands.pl\/index.php\/ogrodzenia-z-bloczkow-lupanych\/\" target=\"_self\" data-type=\"url\">\n  \n  \n\t\n\n\n\n<div class=\"bde-text-51-132 bde-text\">\noferta\n<\/div><div class=\"bde-icon-51-133 bde-icon\">\n\n    \n            <div class=\"bde-icon-icon breakdance-icon-atom\" >\n    \n                    <svg xmlns=\"http:\/\/www.w3.org\/2000\/svg\" width=\"63\" height=\"16\" viewBox=\"0 0 63 16\" fill=\"none\">\n<path opacity=\"0.88\" d=\"M62.7071 8.70711C63.0976 8.31658 63.0976 7.68342 62.7071 7.29289L56.3431 0.928932C55.9526 0.538408 55.3195 0.538408 54.9289 0.928932C54.5384 1.31946 54.5384 1.95262 54.9289 2.34315L60.5858 8L54.9289 13.6569C54.5384 14.0474 54.5384 14.6805 54.9289 15.0711C55.3195 15.4616 55.9526 15.4616 56.3431 15.0711L62.7071 8.70711ZM0 9H62V7H0V9Z\" fill=\"#384140\"\/>\n<\/svg>\n        \n        \n        \n            <\/div>\n    \n\n\n<\/div>\n\n<\/a>\n<\/div>\n<\/div><div class=\"bde-column-51-134 bde-column\">\n  \n  \n\t\n\n\n\n<div class=\"bde-div-51-135 bde-div\">\n  \n  \n\t\n\n\n\n<a class=\"bde-container-link-51-136 bde-container-link breakdance-link\" href=\"https:\/\/kaszynski.niubrands.pl\/index.php\/ogrodzenia-z-cegly-klinkierowanej\/\" target=\"_self\" data-type=\"url\">\n  \n  \n\t\n\n\n\n<img decoding=\"async\" class=\"bde-image2-51-137 bde-image2\" src=\"https:\/\/kaszynski.niubrands.pl\/wp-content\/uploads\/2026\/03\/WhatsApp-Image-2026-03-29-at-17.37.50.jpeg\" loading=\"lazy\" srcset=\"https:\/\/kaszynski.niubrands.pl\/wp-content\/uploads\/2026\/03\/WhatsApp-Image-2026-03-29-at-17.37.50.jpeg 1000w, https:\/\/kaszynski.niubrands.pl\/wp-content\/uploads\/2026\/03\/WhatsApp-Image-2026-03-29-at-17.37.50-300x169.jpeg 300w, https:\/\/kaszynski.niubrands.pl\/wp-content\/uploads\/2026\/03\/WhatsApp-Image-2026-03-29-at-17.37.50-768x432.jpeg 768w\" sizes=\"(max-width: 1000px) 100vw, 1000px\"><h3 class=\"bde-heading-51-138 bde-heading\">\nOgrodzenia z ceg\u0142y klinkierowanej\n<\/h3>\n\n<\/a><a class=\"bde-container-link-51-139 bde-container-link breakdance-link\" href=\"https:\/\/kaszynski.niubrands.pl\/index.php\/ogrodzenia-z-cegly-klinkierowanej\/\" target=\"_self\" data-type=\"url\">\n  \n  \n\t\n\n\n\n<div class=\"bde-text-51-140 bde-text\">\noferta\n<\/div><div class=\"bde-icon-51-141 bde-icon\">\n\n    \n            <div class=\"bde-icon-icon breakdance-icon-atom\" >\n    \n                    <svg xmlns=\"http:\/\/www.w3.org\/2000\/svg\" width=\"63\" height=\"16\" viewBox=\"0 0 63 16\" fill=\"none\">\n<path opacity=\"0.88\" d=\"M62.7071 8.70711C63.0976 8.31658 63.0976 7.68342 62.7071 7.29289L56.3431 0.928932C55.9526 0.538408 55.3195 0.538408 54.9289 0.928932C54.5384 1.31946 54.5384 1.95262 54.9289 2.34315L60.5858 8L54.9289 13.6569C54.5384 14.0474 54.5384 14.6805 54.9289 15.0711C55.3195 15.4616 55.9526 15.4616 56.3431 15.0711L62.7071 8.70711ZM0 9H62V7H0V9Z\" fill=\"#384140\"\/>\n<\/svg>\n        \n        \n        \n            <\/div>\n    \n\n\n<\/div>\n\n<\/a>\n<\/div>\n<\/div><div class=\"bde-column-51-142 bde-column\">\n  \n  \n\t\n\n\n\n<div class=\"bde-div-51-143 bde-div\">\n  \n  \n\t\n\n\n\n<a class=\"bde-container-link-51-144 bde-container-link breakdance-link\" href=\"https:\/\/kaszynski.niubrands.pl\/index.php\/ogrodzenia-z-cegly-recznie-formowanej\/\" target=\"_self\" data-type=\"url\">\n  \n  \n\t\n\n\n\n<img decoding=\"async\" class=\"bde-image2-51-145 bde-image2\" src=\"https:\/\/kaszynski.niubrands.pl\/wp-content\/uploads\/2026\/03\/WhatsApp-Image-2026-03-29-at-14.29.00.jpeg\" loading=\"lazy\" srcset=\"https:\/\/kaszynski.niubrands.pl\/wp-content\/uploads\/2026\/03\/WhatsApp-Image-2026-03-29-at-14.29.00.jpeg 2000w, https:\/\/kaszynski.niubrands.pl\/wp-content\/uploads\/2026\/03\/WhatsApp-Image-2026-03-29-at-14.29.00-300x225.jpeg 300w, https:\/\/kaszynski.niubrands.pl\/wp-content\/uploads\/2026\/03\/WhatsApp-Image-2026-03-29-at-14.29.00-1024x768.jpeg 1024w, https:\/\/kaszynski.niubrands.pl\/wp-content\/uploads\/2026\/03\/WhatsApp-Image-2026-03-29-at-14.29.00-768x576.jpeg 768w, https:\/\/kaszynski.niubrands.pl\/wp-content\/uploads\/2026\/03\/WhatsApp-Image-2026-03-29-at-14.29.00-1536x1152.jpeg 1536w\" sizes=\"(max-width: 2000px) 100vw, 2000px\"><h3 class=\"bde-heading-51-146 bde-heading\">\nOgrodzenia z ceg\u0142y r\u0119cznie formowanej\n<\/h3>\n\n<\/a><a class=\"bde-container-link-51-147 bde-container-link breakdance-link\" href=\"https:\/\/kaszynski.niubrands.pl\/index.php\/ogrodzenia-z-cegly-recznie-formowanej\/\" target=\"_self\" data-type=\"url\">\n  \n  \n\t\n\n\n\n<div class=\"bde-text-51-148 bde-text\">\noferta\n<\/div><div class=\"bde-icon-51-149 bde-icon\">\n\n    \n            <div class=\"bde-icon-icon breakdance-icon-atom\" >\n    \n                    <svg xmlns=\"http:\/\/www.w3.org\/2000\/svg\" width=\"63\" height=\"16\" viewBox=\"0 0 63 16\" fill=\"none\">\n<path opacity=\"0.88\" d=\"M62.7071 8.70711C63.0976 8.31658 63.0976 7.68342 62.7071 7.29289L56.3431 0.928932C55.9526 0.538408 55.3195 0.538408 54.9289 0.928932C54.5384 1.31946 54.5384 1.95262 54.9289 2.34315L60.5858 8L54.9289 13.6569C54.5384 14.0474 54.5384 14.6805 54.9289 15.0711C55.3195 15.4616 55.9526 15.4616 56.3431 15.0711L62.7071 8.70711ZM0 9H62V7H0V9Z\" fill=\"#384140\"\/>\n<\/svg>\n        \n        \n        \n            <\/div>\n    \n\n\n<\/div>\n\n<\/a>\n<\/div>\n<\/div><\/div>\n<\/div><\/div>\n<\/section><section id=\"bd-fancy-section2\" class=\"bde-section-51-150 bde-section\">\n  \n  \n\t\n\n\n\n<div class=\"section-container\"><div class=\"bde-image-51-151 bde-image\" data-parallax=\"true\">\n<figure class=\"breakdance-image breakdance-image--37\">\n\t<div class=\"breakdance-image-container\">\n\t\t<div class=\"breakdance-image-clip\"><img loading=\"lazy\" decoding=\"async\" class=\"breakdance-image-object\" src=\"https:\/\/kaszynski.niubrands.pl\/wp-content\/uploads\/2025\/12\/597396476_1486851723448434_2897260141733619770_n.jpg\" width=\"2048\" height=\"1536\" srcset=\"https:\/\/kaszynski.niubrands.pl\/wp-content\/uploads\/2025\/12\/597396476_1486851723448434_2897260141733619770_n.jpg 2048w, https:\/\/kaszynski.niubrands.pl\/wp-content\/uploads\/2025\/12\/597396476_1486851723448434_2897260141733619770_n-300x225.jpg 300w, https:\/\/kaszynski.niubrands.pl\/wp-content\/uploads\/2025\/12\/597396476_1486851723448434_2897260141733619770_n-1024x768.jpg 1024w, https:\/\/kaszynski.niubrands.pl\/wp-content\/uploads\/2025\/12\/597396476_1486851723448434_2897260141733619770_n-768x576.jpg 768w, https:\/\/kaszynski.niubrands.pl\/wp-content\/uploads\/2025\/12\/597396476_1486851723448434_2897260141733619770_n-1536x1152.jpg 1536w\" sizes=\"auto, (max-width: 2048px) 100vw, 2048px\"><\/div>\n\t<\/div><\/figure>\n\n<\/div><h2 class=\"bde-heading-51-152 bde-heading\">\nPotrzebujesz wyj\u0105tkowego ogrodzenia<br><br>w Poznaniu lub okolicy<br><br>ZADZWO\u0143 DO NAS!\n<\/h2><div class=\"bde-button-51-154 bde-button\">\n    \n                        \n                        \n    \n    \n    \n    \n            \n                    \n            \n            \n\n    \n    \n    \n    \n    \n    <a class=\"breakdance-link button-atom button-atom--custom bde-button__button\" href=\"tel:691039167\" target=\"_self\" data-type=\"contact\"  >\n\n    \n        <span class=\"button-atom__text\">Zadzwo\u0144<\/span>\n\n        \n        \n                <\/a>\n\n    \n\n\n<\/div><\/div>\n<\/section>","protected":false},"excerpt":{"rendered":"<p>Ogrodzenia Tomasz Kaszy\u0144ski Od ponad 20 lat tworzymy solidne i estetyczne ogrodzenia dla klient\u00f3w z okolic Poznania, \u0142\u0105cz\u0105c do\u015bwiadczenie z nowoczesnymi rozwi\u0105zaniami. Specjalizujemy si\u0119 w kompleksowym monta\u017cu ogrodze\u0144 dopasowanych do indywidualnych potrzeb i charakteru ka\u017cdej posesji. W naszej ofercie znajduj\u0105 si\u0119 ogrodzenia z bloczk\u00f3w g\u0142adkich i \u0142upanych, kt\u00f3re wyr\u00f3\u017cniaj\u0105 si\u0119 trwa\u0142o\u015bci\u0105 i eleganckim wygl\u0105dem. Wykonujemy [&hellip;]<\/p>\n","protected":false},"author":1,"featured_media":0,"parent":0,"menu_order":0,"comment_status":"closed","ping_status":"closed","template":"","meta":{"_breakdance_hide_in_design_set":false,"_breakdance_tags":"","footnotes":""},"class_list":["post-51","page","type-page","status-publish","hentry"],"_links":{"self":[{"href":"https:\/\/kaszynski.niubrands.pl\/index.php\/wp-json\/wp\/v2\/pages\/51","targetHints":{"allow":["GET"]}}],"collection":[{"href":"https:\/\/kaszynski.niubrands.pl\/index.php\/wp-json\/wp\/v2\/pages"}],"about":[{"href":"https:\/\/kaszynski.niubrands.pl\/index.php\/wp-json\/wp\/v2\/types\/page"}],"author":[{"embeddable":true,"href":"https:\/\/kaszynski.niubrands.pl\/index.php\/wp-json\/wp\/v2\/users\/1"}],"replies":[{"embeddable":true,"href":"https:\/\/kaszynski.niubrands.pl\/index.php\/wp-json\/wp\/v2\/comments?post=51"}],"version-history":[{"count":5,"href":"https:\/\/kaszynski.niubrands.pl\/index.php\/wp-json\/wp\/v2\/pages\/51\/revisions"}],"predecessor-version":[{"id":135,"href":"https:\/\/kaszynski.niubrands.pl\/index.php\/wp-json\/wp\/v2\/pages\/51\/revisions\/135"}],"wp:attachment":[{"href":"https:\/\/kaszynski.niubrands.pl\/index.php\/wp-json\/wp\/v2\/media?parent=51"}],"curies":[{"name":"wp","href":"https:\/\/api.w.org\/{rel}","templated":true}]}}